{"id":21,"date":"2020-09-03T18:56:06","date_gmt":"2020-09-03T18:56:06","guid":{"rendered":"http:\/\/tinas-zuckerwelt.de\/?page_id=21"},"modified":"2023-12-17T14:45:00","modified_gmt":"2023-12-17T14:45:00","slug":"ueber-mich","status":"publish","type":"page","link":"https:\/\/tinas-zuckerwelt.de\/?page_id=21","title":{"rendered":"\u00dcber mich"},"content":{"rendered":"\t\t<div data-elementor-type=\"wp-page\" data-elementor-id=\"21\" class=\"elementor elementor-21\" data-elementor-post-type=\"page\">\n\t\t\t\t\t\t<section class=\"elementor-section elementor-top-section elementor-element elementor-element-722a7e6 elementor-section-boxed elementor-section-height-default elementor-section-height-default\" data-id=\"722a7e6\" data-element_type=\"section\" data-e-type=\"section\">\n\t\t\t\t\t\t<div class=\"elementor-container elementor-column-gap-default\">\n\t\t\t\t\t<div class=\"elementor-column elementor-col-100 elementor-top-column elementor-element elementor-element-1f102fca\" data-id=\"1f102fca\" data-element_type=\"column\" data-e-type=\"column\">\n\t\t\t<div class=\"elementor-widget-wrap elementor-element-populated\">\n\t\t\t\t\t\t<div class=\"elementor-element elementor-element-410fea25 elementor-widget elementor-widget-text-editor\" data-id=\"410fea25\" data-element_type=\"widget\" data-e-type=\"widget\" data-widget_type=\"text-editor.default\">\n\t\t\t\t<div class=\"elementor-widget-container\">\n\t\t\t\t\t\t\t\t\t<p style=\"text-align: left;\"><em>Ich bin Bettina und lebe in Eppelheim bei Heidelberg.<\/em><\/p><p style=\"text-align: left;\"><em>Mit viel Leidenschaft stelle ich\u00a0 Zuckerfiguren, Szenen, Zuckerblumen als Tortendekoration her. Alle Fondantfiguren und Blumen werden mit Zuckermasse hergestellt und mit Lebensmittelfarbe gef\u00e4rbt.<\/em><\/p><p style=\"text-align: left;\"><em>Um meine Arbeiten immer besser zu gestalten, besuche ich Kurse (soweit dies im Moment m\u00f6glich ist) und nehme an Onlinekursen teil. Ein Teil meiner Arbeiten k\u00f6nnen Sie auf dieser Webseite sehen.\u00a0 Sie k\u00f6nnen sich per <span style=\"text-decoration: underline;\"><strong><a href=\"https:\/\/tinas-zuckerwelt.de\/?page_id=35\"><span style=\"color: #ff0000; text-decoration: underline;\">Mail <\/span><\/a><\/strong><\/span>an mich mit Fragen oder W\u00fcnschen wenden. <strong>Urheberrechtlich gesch\u00fctzte, oder durch sonstige Rechte gesch\u00fctzte Figuren kann ich zwar f\u00fcr mich pers\u00f6nlich herstellen aber nicht verkaufen.<\/strong><\/em><\/p><p style=\"text-align: left;\"><em><strong>Sie k\u00f6nnen auch meine Shops besuchen. <\/strong><\/em><\/p><p style=\"text-align: left;\"><em><strong><a href=\"https:\/\/www.etsy.com\/de\/shop\/TinasZuckerwelt\"><span style=\"color: #ff0000;\">https:\/\/www.etsy.com\/de\/shop\/TinasZuckerwelt<\/span><\/a><br \/><\/strong><\/em><\/p><p style=\"text-align: left;\"><a href=\"http:\/\/www.kleinanzeigen.de\"><strong><em><span style=\"color: #ff0000;\">kleinanzeigen.de<\/span><\/em><\/strong><\/a><\/p><p style=\"text-align: left;\"><em>Hier suchen nach: <strong>Eppelheim, Tortendekorationen.<\/strong> Leider kein direkter Link m\u00f6glich.<\/em><\/p><p>\u00a0<\/p><p style=\"text-align: left;\"><em><strong><span style=\"text-decoration: underline;\">Alle<\/span><\/strong> Torten und Kuchen habe ich f\u00fcr Freunde, Kollegen und Verwandschaft gemacht. <span style=\"color: #ff0000;\">Ich stelle sonst keine Torten oder Kuchen her. <span style=\"color: #000000;\">Ich stelle nur <strong>nicht essbare Dekorationen<\/strong> f\u00fcr Torten her.<\/span><br \/><\/span><\/em><\/p><h3 style=\"text-align: left;\"><em><span style=\"color: #ff9900;\"><strong>Viel Spass auf meiner Webseite.<\/strong><\/span><\/em><\/h3><p style=\"text-align: left;\">\u00a0<\/p>\t\t\t\t\t\t\t\t<\/div>\n\t\t\t\t<\/div>\n\t\t\t\t\t<\/div>\n\t\t<\/div>\n\t\t\t\t\t<\/div>\n\t\t<\/section>\n\t\t\t\t<\/div>\n\t\t","protected":false},"excerpt":{"rendered":"<p>Ich bin Bettina und lebe in Eppelheim bei Heidelberg. Mit viel Leidenschaft stelle ich\u00a0 Zuckerfiguren, Szenen, Zuckerblumen als Tortendekoration her. Alle Fondantfiguren und Blumen werden mit Zuckermasse hergestellt und mit Lebensmittelfarbe gef\u00e4rbt. Um meine Arbeiten immer besser zu gestalten, besuche ich Kurse (soweit dies im Moment m\u00f6glich ist) und nehme &hellip; <\/p>\n","protected":false},"author":1,"featured_media":47,"parent":0,"menu_order":0,"comment_status":"closed","ping_status":"closed","template":"","meta":{"advanced_seo_description":"","jetpack_seo_html_title":"","jetpack_seo_noindex":false,"footnotes":""},"class_list":["post-21","page","type-page","status-publish","has-post-thumbnail","hentry"],"jetpack_sharing_enabled":true,"_links":{"self":[{"href":"https:\/\/tinas-zuckerwelt.de\/index.php?rest_route=\/wp\/v2\/pages\/21","targetHints":{"allow":["GET"]}}],"collection":[{"href":"https:\/\/tinas-zuckerwelt.de\/index.php?rest_route=\/wp\/v2\/pages"}],"about":[{"href":"https:\/\/tinas-zuckerwelt.de\/index.php?rest_route=\/wp\/v2\/types\/page"}],"author":[{"embeddable":true,"href":"https:\/\/tinas-zuckerwelt.de\/index.php?rest_route=\/wp\/v2\/users\/1"}],"replies":[{"embeddable":true,"href":"https:\/\/tinas-zuckerwelt.de\/index.php?rest_route=%2Fwp%2Fv2%2Fcomments&post=21"}],"version-history":[{"count":114,"href":"https:\/\/tinas-zuckerwelt.de\/index.php?rest_route=\/wp\/v2\/pages\/21\/revisions"}],"predecessor-version":[{"id":2913,"href":"https:\/\/tinas-zuckerwelt.de\/index.php?rest_route=\/wp\/v2\/pages\/21\/revisions\/2913"}],"wp:featuredmedia":[{"embeddable":true,"href":"https:\/\/tinas-zuckerwelt.de\/index.php?rest_route=\/wp\/v2\/media\/47"}],"wp:attachment":[{"href":"https:\/\/tinas-zuckerwelt.de\/index.php?rest_route=%2Fwp%2Fv2%2Fmedia&parent=21"}],"curies":[{"name":"wp","href":"https:\/\/api.w.org\/{rel}","templated":true}]}}